{"id":438,"date":"2015-04-09T15:31:13","date_gmt":"2015-04-09T13:31:13","guid":{"rendered":"http:\/\/polygon.se\/?page_id=438"},"modified":"2017-12-14T11:26:30","modified_gmt":"2017-12-14T10:26:30","slug":"tjanster-produkter","status":"publish","type":"page","link":"https:\/\/www.polygon.se\/nb\/tjanster-produkter\/","title":{"rendered":"Produkter og tjenester"},"content":{"rendered":"<h2 id=\"prs-butiksdatasystem\">PRS Polygon Retail Solutions<\/h2>\n<p>PRS &#8220;Polygon Retail Solutions&#8221; best\u00e5r av programvarene &#8220;Head Office&#8221;, &#8220;Local Head Office&#8221;, &#8220;Store Office&#8221; og &#8220;POS&#8221; (Point of Sales System), som er integrert med flere ledende ERP-l\u00f8sninger p\u00e5 markedet og tilpasninger til en rekke eksterne POS applikasjoner. PRS gir butikker, kjeder, sentrale hovedkontor og lokale hovedkontor kraftige verkt\u00f8y for effektiv styring av drift og prosesser p\u00e5 alle niv\u00e5er. Systemet har, blant annet mange funksjoner som gir kjeden og butikken frihet til \u00e5 utforme sine prosesser og arbeidsmetoder. PRS styrer kjedef\u00f8reren og st\u00f8tter kjeder som b\u00e5de har sine egne og eksterne butikker tilkoblet. PRS har st\u00f8tte for franchising og kan integrere butikker med sentralt samt lokalt hovedkontor. Takket v\u00e6re at PRS er av modul\u00e6r design, kan systemet lett brukes av uavhengige butikker og mindre kjeder samt av selskaper som opererer i andre n\u00e6ringer. PRS gir dessuten en kjede stor valgfrihet i forhold til driftsmodell, alt fra innkj\u00f8pssamarbeid til effektiv kjedestyring. Kjeden kan under drift ogs\u00e5 forandre sin driftsmodellen uten at systemet setter begrensninger. Andre fordeler er den effektive st\u00f8tten for varianth\u00e5ndtering, budsjettering og planlegging, sesong kontroll og styring av mote elementer.<\/p>\n<h2>Butikkdatasystem<\/h2>\n<h3>PRS Head Office (HO).<\/h3>\n<p>Med PRS Head Office f\u00e5r kjeden et styringsverkt\u00f8y for effektivisering av den daglige driften. Systemet muliggj\u00f8r kontroll av et stort antall butikker og butikkgrupperinger (kjede i kjeden). Fra planlegging av kolleksjon, utvikling av varebok, gjennomf\u00f8ring av messe og h\u00e5ndtering av ordrebestilling under messe, til oppf\u00f8lgning av innkommende varer og salg i butikkene. Varebok og messeh\u00e5ndtering\u00a0kan ogs\u00e5 brukes til planlegging, anskaffelse og implementering av sentrale kampanjer. Statistikk og rapportmodul som gir detaljerte og sammenstilte rapporter. Sentral transaksjonsdatabase med mulighet for \u00e5 samle inn store mengder av salgsdata p\u00e5 butikkniv\u00e5 basert p\u00e5 kvitteringsanalyser etc.<\/p>\n<h3>PRS Local Head Of\ufb01ce (LHO)<\/h3>\n<p>Her f\u00e5r butikkjeden et avansert administrasjonsverkt\u00f8y for flere butikker. Kan brukes frittst\u00e5ende eller kjedekoblede butikker. Innkj\u00f8psplanlegging, bestillinger fra leverand\u00f8r,\u00a0varemottak, lagerstyring (velges i hvilken grad man \u00f8nsker \u00e5 gj\u00f8re lagerstyring), vareoverf\u00f8ring, salgsordrer, fakturering, kundefordringer, salgsoppf\u00f8lging og kampanjeh\u00e5ndtering. Mulighet til \u00e5 selv velge driftsmodellen. Innkj\u00f8pssamarbeid, felleseide butikker med stor grad av selvkontroll eller sterkt kontrollerte butikker. Grad av kontroll av butikkene kan ogs\u00e5 variere innenfor en butikkjede.<strong><strong>\u00a0<\/strong><\/strong><\/p>\n<h3>PRS Store Of\ufb01ce (SO)<\/h3>\n<p>I PRS Store Of\ufb01ce f\u00e5r butikken et avansert administrasjonsverkt\u00f8y. Kan brukes i frittst\u00e5ende eller i kedjekoblede butikker. Innkj\u00f8psplanlegging, bestillinger fra leverand\u00f8r,\u00a0varemottak,\u00a0lagerstyring (velges i hvilken grad man \u00f8nsker \u00e5 gj\u00f8re lagerstyring), salgsordrer, fakturering, kundefordringer, salgsoppf\u00f8lging og kampanjeh\u00e5ndtering. Systemet inneholder alle funksjonene som kreves for \u00e5 effektivt og rasjonelt kunne drive en n\u00e6rbutikk eller butikk i dagligvarehandelen. Nedenfor er noen av funksjonene.<\/p>\n<ul>\n<li>Skrive hyllekanter eller prisetiketter<\/li>\n<li>Styring av Non-salg<\/li>\n<li>Statistikk og rapporter med store utvalgsmuligheter<\/li>\n<li>Egne kampanjer og mix-kamp<\/li>\n<\/ul>\n<h3>Noen funksjoner i\u00a0PRS<\/h3>\n<ul>\n<li>Butikkjedeh\u00e5ndtering<\/li>\n<li>Varekatalog med Bilder &amp; Tegninger<\/li>\n<li>Innkj\u00f8ps- og ordreh\u00e5ndtering<\/li>\n<li>Sortimentstyring &amp; Planlegging<\/li>\n<li>H\u00e5ndtering av sortimentpakker<\/li>\n<li>Salgsbudsjett<\/li>\n<li>Innkj\u00f8psplanlegging<\/li>\n<li>innkj\u00f8psordre<\/li>\n<li>Levering overv\u00e5king<\/li>\n<li>Funksjon for messeinnkj\u00f8p<\/li>\n<\/ul>\n<p><a href=\"http:\/\/polygon.se\/wp-content\/uploads\/2015\/03\/prs-image03.jpg\"><img decoding=\"async\" loading=\"lazy\" class=\"alignnone size-full wp-image-149\" src=\"http:\/\/polygon.se\/wp-content\/uploads\/2015\/03\/prs-image03.jpg\" alt=\"prs-image03\" width=\"291\" height=\"173\" \/><\/a><\/p>\n<h3>Butikkjedeh\u00e5ndtering\u00a0inneb\u00e6rer<\/h3>\n<ul>\n<li>Interne bestillinger og leveringer<\/li>\n<li>Distribusjon &amp; Tildeling<\/li>\n<li>Lagerstyring<\/li>\n<li>Etiketter og merking<\/li>\n<li>Automatisk etterfylling \/ bestillingspunkter; Sentrallager og plukk<\/li>\n<li>Varelager<\/li>\n<li>Prisendringer<\/li>\n<li>Kampanje<\/li>\n<li>Integrert kredittkortsbehandling<\/li>\n<li>PINPAD for EM<\/li>\n<li>Styring av klubb \/ kundekort<\/li>\n<li>E-Gavekort<\/li>\n<li>Endring av kvittering for skjermen<\/li>\n<li>Rabattfunksjoner<\/li>\n<li>Ubegrenset antall betalingsmuligheter<\/li>\n<\/ul>\n<h3>Eksempel p\u00e5 funksjoner<\/h3>\n<ul>\n<li>Korreksjon og kansellering av kvittering<\/li>\n<li>H\u00e5ndtering av reservert vare<\/li>\n<li>Begrunnelse for retur\/reklamasjon<\/li>\n<li>Analyser, rapporter og historikk<\/li>\n<li>Butikkjedeh\u00e5ndtering<\/li>\n<li>Styring av bonussystem<\/li>\n<li>Styring av medlemmer av husstanden<\/li>\n<li>Medlemsaktiviteter<\/li>\n<li>Kampanjeoppf\u00f8lging<\/li>\n<li>Valg &amp; post<\/li>\n<li>Rapporter og analyser<\/li>\n<li>H\u00e5ndtering<\/li>\n<li>E-Gavekort<\/li>\n<li>Lagerstyring<\/li>\n<\/ul>\n<p><a href=\"http:\/\/polygon.se\/wp-content\/uploads\/2015\/03\/prs-image02.png\"><img decoding=\"async\" loading=\"lazy\" class=\"alignnone size-full wp-image-148\" src=\"http:\/\/polygon.se\/wp-content\/uploads\/2015\/03\/prs-image02.png\" alt=\"prs-image02\" width=\"259\" height=\"195\" \/><\/a><\/p>\n<h2 id=\"prs-kassasystem\">POS (Point of Sales) Kassesystem<\/h2>\n<p>Kassasystemet\u00a0PRS POS er innovativ og fleksibel og er spesielt designet og skreddersydd for \u00e5 passe virksomheten i butikken. Ergonomien er godt tenkt ut med riktig n\u00f8kkel \/ funksjon p\u00e5 rett sted. PRS POS gir eksemplariske sikkerhetsl\u00f8sninger. Kassen har full touch-funksjon, integrert funksjon for kortbetaling og integrerte salg av telekort. Kortbetalinger g\u00e5r via den oppkoblede betalingskortl\u00f8sningen fra Babs Paylink, Point og Nets &#8211; de mest sikre kortbetalingene p\u00e5 markedet. Integrering er ogs\u00e5 tilgjengelig for andre betalingsl\u00f8sninger, som betaling via mobiltelefon, SEQR. Kurs er web-basert for \u00e5 forenkle for deg som kunde eller det kan v\u00e6re med oss i v\u00e5re lokaler. Installasjonen kan h\u00e5ndteres selv, eller velges som tillegg fra oss.<\/p>\n<h2 id=\"prs-display\">Customer Display System<\/h2>\n<p>Send en tilpasset melding til kundene st\u00e5r i kassak\u00f8en, og som venter p\u00e5 \u00e5 f\u00e5 betalt! Polygon tilbyr et enkelt redigeringsverkt\u00f8y CDS (Customer Display System) som hjelper deg med \u00e5 opprette egne reklamebudskap til dine kunder i butikken. Dette kan kontrolleres ved forskjellige niv\u00e5er; butikkjede, utvalgt butikk eller p\u00e5 kasseniv\u00e5. I sistnevnte tilfelle kan det brukes til ulike butikk-i-butikk kasser der du \u00f8nsker \u00e5 ha en spesiell melding. Meldingen kan bli lagt ut for en bestemt periode, noen dager, eller generelt. Det kan lett administreres fra dagens kjente nettleseren; Internet Explorer, Chrome, Firefox eller Safari. Meldingen presenteres p\u00e5 en s\u00e5kalt kundeskjerm &#8211; enten knyttet til PRS kassen (kalt kundeskjermen &#8211; der selv kvitteringsinformasjonen vises under kj\u00f8p i kassen) eller p\u00e5 en egen seksjonert skjerm som er koblet til en datamaskin med internettilgang. Meldingen \u00a0vises i et valgt st\u00f8rrelsesformat som vist for eksempel i en sklie og tekst med valgt skrift som lett kan redigeres og animeres.<\/p>\n<h2 id=\"prs-webbshop\">Nettbutikk<\/h2>\n<p>Gj\u00f8r som Johanssons Sko AB, koble butikkens datasystem til din nettbutikk. Bildefiler, artikkelinformasjon og lagerstatus vil v\u00e6re integrert med din nettbutikk &#8211; alt for \u00e5 holde de samlede kostnadene nede. Se eksempler p\u00e5\u00a0<span style=\"text-decoration: underline;\"><span style=\"color: #0000ff; text-decoration: underline;\"> www.johanssons.se<\/span><\/span><\/p>\n<p>Vi vil hjelpe deg med \u00e5 n\u00e5 dine kunder b\u00e5de fysisk i butikken og p\u00e5 nettet. Omnikanal strategier kommer i \u00f8kende grad innen varehandel, noe som st\u00f8ttes av PRS med en kombinasjon av parallelle salgskanaler.<\/p>\n<p><a href=\"http:\/\/polygon.se\/wp-content\/uploads\/2015\/03\/Johanssons-skor-webshop.png\"><img decoding=\"async\" loading=\"lazy\" class=\"alignnone size-medium wp-image-310\" src=\"http:\/\/polygon.se\/wp-content\/uploads\/2015\/03\/Johanssons-skor-webshop-470x244.png\" alt=\"Johanssons skor webshop\" width=\"470\" height=\"244\" srcset=\"https:\/\/www.polygon.se\/wp-content\/uploads\/2015\/03\/Johanssons-skor-webshop-470x244.png 470w, https:\/\/www.polygon.se\/wp-content\/uploads\/2015\/03\/Johanssons-skor-webshop-970x504.png 970w, https:\/\/www.polygon.se\/wp-content\/uploads\/2015\/03\/Johanssons-skor-webshop.png 1625w\" sizes=\"(max-width: 470px) 100vw, 470px\" \/><\/a><\/p>\n<h2 id=\"hardvara\">Maskinvare for optimalt butikkmilj\u00f8<\/h2>\n<p>Med 25 \u00e5rs erfaring i bransjen, vet vi hvilke krav som stilles i det t\u00f8ffe butikkmilj\u00f8et. Riktig utstyr er b\u00e5de holdbart for t\u00f8ff bruk, ergonomisk \u00e5 jobbe med for de ansatte, men tar ogs\u00e5 hensyn til de beste sikkerhets-, betalings-, og IT-l\u00f8sningene. Vi setter sammen all maskinvaren for en butikk \/ butikkjede. Med v\u00e5r erfaring, jobber vi utelukkende med de mest passende maskinvarene og systemene.<\/p>\n<h4>Noen eksempler p\u00e5 utstyr<\/h4>\n<ul>\n<li>Kassedatamaskin med ber\u00f8ringsskjerm eller standard skjerm og tastatur<\/li>\n<li>Kundedisplay for reklamebudskap i kassek\u00f8en<\/li>\n<li>H\u00e5ndholdt 2D skanner for \u00e5 lese varenes strekkoder<\/li>\n<li>Kvitteringsskriver<\/li>\n<li>Kontrollbox (V\u00e5r kasse er godkjent av Skatteverket)<\/li>\n<li>Rapportskriver<\/li>\n<li>Tilkobling til betalingsterminaler. Vi samarbeider med alle de store leverand\u00f8rene Point, Babs Paylink og Nets.<\/li>\n<li>Back Office Computer<\/li>\n<li>Etikettskriver<\/li>\n<li>PDA for lagerflytting og inventar<\/li>\n<li>Informasjonssystemer (tabletter) for lageroppslag og prisinformasjon i butikken<\/li>\n<\/ul>\n<h4>Integrasjoner med andre systemer og tilleggsutstyr<\/h4>\n<p>Det er for tiden f\u00f8lgende integrerte eksterne tjenester <a href=\"http:\/\/polygon.se\/wp-content\/uploads\/2015\/03\/prs-image01.png\"><img decoding=\"async\" loading=\"lazy\" class=\"alignnone size-medium wp-image-147\" src=\"http:\/\/polygon.se\/wp-content\/uploads\/2015\/03\/prs-image01-418x300.png\" alt=\"prs-image01\" width=\"418\" height=\"300\" srcset=\"https:\/\/www.polygon.se\/wp-content\/uploads\/2015\/03\/prs-image01-418x300.png 418w, https:\/\/www.polygon.se\/wp-content\/uploads\/2015\/03\/prs-image01.png 905w\" sizes=\"(max-width: 418px) 100vw, 418px\" \/><\/a><\/p>\n<h4>Statistikk, rapporter og beslutningsst\u00f8tte<\/h4>\n<p>Standardrapporter for regnskap og fremvisning SIE fil eksport til regnskap Statistikk og analyser<\/p>\n<ul>\n<li>Disse er bygget p\u00e5 &#8220;drill down&#8221; teknikk<\/li>\n<li>Bredt utvalg av filterfunksjoner<\/li>\n<li>Kan eksporteres til Excel<\/li>\n<li>Legemiddelsrapport\u00a0opprettet sentralt med sjekkliste til butikken<\/li>\n<li>Rapporterer til dato og med tilgang hvor som helst<\/li>\n<li>Sammenligning med budsjettet eller forrige periode<\/li>\n<li>&#8220;Beslutningsst\u00f8tte App&#8221; som gir eieren et tydelig, enkelt og tidsriktig bilde av virksomheten &#8211; fra hvor som helst!<\/li>\n<\/ul>\n<h2 id=\"drift\">Drift; Egen server eller skytjeneste<\/h2>\n<p>Som sertifisert HP-forhandler, gir vi deg en serverl\u00f8sning der PRS-programmet er \u00e5 levere midler i multi-butikken l\u00f8sning. Vi har en solid kunnskap om serverdrift og database.<\/p>\n<ul>\n<li>Noen kunder velger \u00e5 ikke investere i sin egen server, men \u00f8nsker \u00e5 betale en m\u00e5nedlig avgift i stedet. En driftsavtale underskrives der vi gir en s\u00e5kalt cloud tjeneste der server vedlikehold, backup, kontinuerlig dimensjonering etc er inkludert for kundene, for \u00e5 gi de en bekymringsl\u00f8s tilv\u00e6relse.<\/li>\n<\/ul>\n<p>&nbsp;<\/p>\n<ul>\n<li>Sikker kommunikasjon. I begge de ovennevnte tilfellene, hjelper vi gjerne \u00e5 anbefale og \/ eller sette opp et sikkert og velfungerende kommunikasjonsmilj\u00f8. Minimal nedetid, sikre l\u00f8sninger og ekstern kommunikasjon er noen viktige krav i dag. Som en butikkeier, kan det v\u00e6re lurt \u00e5 f\u00f8lge butikkens drift n\u00e5r du er p\u00e5 et annet sted og for butikkjedens innkj\u00f8pere p\u00e5 messer og m\u00f8ter, er det et viktig moment \u00e5 ha permanent tilgang til statistikk og annen informasjon<\/li>\n<\/ul>\n<h2 id=\"prs-lagerkontroll\">Lagerstyring og varetelling<\/h2>\n<ul>\n<li>\u00a0Varetelling kan enten gj\u00f8res manuelt med listen eller PDA. PDA kan brukes enten frittst\u00e5ende eller med \u00a0den nedlastede produkt katalogen som inneholder elementer som skal telles.<\/li>\n<li>\u00a0Gjenoppretting er rask og enkel og lagerstatus oppdateres.<\/li>\n<li>\u00a0PRS kan opprette en rekke forskjellige typer og st\u00f8rrelser av hylleforkanter.<\/li>\n<\/ul>\n<p>Hylleforkanter skrives p\u00e5 butikkens rapportskriver<\/p>\n<p>. <a href=\"http:\/\/polygon.se\/wp-content\/uploads\/2015\/03\/Skohandel3.jpg\"><img decoding=\"async\" loading=\"lazy\" class=\"alignnone size-medium wp-image-288\" src=\"http:\/\/polygon.se\/wp-content\/uploads\/2015\/03\/Skohandel3-400x300.jpg\" alt=\"Skohandel3\" width=\"400\" height=\"300\" srcset=\"https:\/\/www.polygon.se\/wp-content\/uploads\/2015\/03\/Skohandel3-400x300.jpg 400w, https:\/\/www.polygon.se\/wp-content\/uploads\/2015\/03\/Skohandel3-970x728.jpg 970w, https:\/\/www.polygon.se\/wp-content\/uploads\/2015\/03\/Skohandel3.jpg 1600w\" sizes=\"(max-width: 400px) 100vw, 400px\" \/><\/a><\/p>\n","protected":false},"excerpt":{"rendered":"<p>PRS Polygon Retail Solutions PRS &#8220;Polygon Retail Solutions&#8221; best\u00e5r av programvarene &#8220;Head Office&#8221;, &#8220;Local Head&nbsp;<a href=\"https:\/\/www.polygon.se\/nb\/tjanster-produkter\/\">&hellip; L\u00e4s mer&nbsp;&raquo;<\/a><\/p>\n","protected":false},"author":2,"featured_media":0,"parent":0,"menu_order":0,"comment_status":"open","ping_status":"open","template":"","meta":[],"acf":[],"_links":{"self":[{"href":"https:\/\/www.polygon.se\/wp-json\/wp\/v2\/pages\/438"}],"collection":[{"href":"https:\/\/www.polygon.se\/wp-json\/wp\/v2\/pages"}],"about":[{"href":"https:\/\/www.polygon.se\/wp-json\/wp\/v2\/types\/page"}],"author":[{"embeddable":true,"href":"https:\/\/www.polygon.se\/wp-json\/wp\/v2\/users\/2"}],"replies":[{"embeddable":true,"href":"https:\/\/www.polygon.se\/wp-json\/wp\/v2\/comments?post=438"}],"version-history":[{"count":14,"href":"https:\/\/www.polygon.se\/wp-json\/wp\/v2\/pages\/438\/revisions"}],"predecessor-version":[{"id":17640,"href":"https:\/\/www.polygon.se\/wp-json\/wp\/v2\/pages\/438\/revisions\/17640"}],"wp:attachment":[{"href":"https:\/\/www.polygon.se\/wp-json\/wp\/v2\/media?parent=438"}],"curies":[{"name":"wp","href":"https:\/\/api.w.org\/{rel}","templated":true}]}}