{"id":526,"date":"2015-07-02T10:11:10","date_gmt":"2015-07-02T08:11:10","guid":{"rendered":"http:\/\/polygon.se\/?page_id=526"},"modified":"2016-09-02T14:22:22","modified_gmt":"2016-09-02T12:22:22","slug":"framtida-vision","status":"publish","type":"page","link":"https:\/\/www.polygon.se\/nb\/framtida-vision\/","title":{"rendered":"Fremtidsvisjon"},"content":{"rendered":"<p><a href=\"http:\/\/polygon.se\/wp-content\/uploads\/2015\/04\/DSC09518.jpg\"><img decoding=\"async\" loading=\"lazy\" class=\"alignnone size-medium wp-image-478\" src=\"http:\/\/polygon.se\/wp-content\/uploads\/2015\/04\/DSC09518-470x268.jpg\" alt=\"DSC09518\" width=\"470\" height=\"268\" srcset=\"https:\/\/www.polygon.se\/wp-content\/uploads\/2015\/04\/DSC09518-470x268.jpg 470w, https:\/\/www.polygon.se\/wp-content\/uploads\/2015\/04\/DSC09518-970x553.jpg 970w\" sizes=\"(max-width: 470px) 100vw, 470px\" \/><\/a><\/p>\n<p>\u201dPoint of sales\u201d POS,<span lang=\"no\">dvs.\u00a0kasseomr\u00e5det er stedet hvor kj\u00f8p blir gjort opp. Kassen og presentasjonen av den har endret seg over \u00e5rene. Teknologien utvikles mer og mer mot et cashless samfunn og endres i et stadig raskere tempo. Samtidig er risikoen for ran og bedrageri grunnen til at sikkerhet alltid m\u00e5 v\u00e6re i forgrunnen. Stadig flere betalingsl\u00f8sninger kommer p\u00e5 markedet, og Polygon velger \u00e5 integrere sine systemer i de mulighetene som ogs\u00e5 trer i kraft i morgen. Kasseomr\u00e5det er i \u00f8kende grad integrert i butikkens markedsf\u00f8ring og tiden en kunde bruker p\u00e5 \u00e5 gjennomf\u00f8re en transaksjon kan brukes til \u00e5 formidle et budskap og skape mersalg. Integrasjon med back office &#8211; dvs. databaser for artikler, klienter, transaksjoner, gjennomf\u00f8rte transaksjoner og statistikk, etc. er blitt stadig viktigere med m\u00e5l om \u00e5 f\u00e5 kontroll over driften av butikken. Optimal kontroll av bedriften gj\u00f8r det viktigere \u00e5 utnytte muligheter og tilpasse sporadiske kampanjer og tilbud til hver situasjon som er n\u00f8dvendig for driften. Ved \u00e5 raskt parere og reagere i stedet for og planlegge, representerer du den neste oppskriften p\u00e5 suksess. Det \u00e5 kunne m\u00e5le butikkenes prestasjoner, selgernes innsats og ha fleksibilitet i POS blir grunnleggende i valg av butikkens datasystem. Hastighet, sikkerhet og enkelhet er v\u00e5rt motto i dag &#8211; og i fremtiden.\u00a0<\/span><\/p>\n","protected":false},"excerpt":{"rendered":"<p>\u201dPoint of sales\u201d POS,dvs.\u00a0kasseomr\u00e5det er stedet hvor kj\u00f8p blir gjort opp. Kassen og presentasjonen av&nbsp;<a href=\"https:\/\/www.polygon.se\/nb\/framtida-vision\/\">&hellip; L\u00e4s mer&nbsp;&raquo;<\/a><\/p>\n","protected":false},"author":2,"featured_media":0,"parent":0,"menu_order":0,"comment_status":"closed","ping_status":"closed","template":"","meta":[],"acf":[],"_links":{"self":[{"href":"https:\/\/www.polygon.se\/wp-json\/wp\/v2\/pages\/526"}],"collection":[{"href":"https:\/\/www.polygon.se\/wp-json\/wp\/v2\/pages"}],"about":[{"href":"https:\/\/www.polygon.se\/wp-json\/wp\/v2\/types\/page"}],"author":[{"embeddable":true,"href":"https:\/\/www.polygon.se\/wp-json\/wp\/v2\/users\/2"}],"replies":[{"embeddable":true,"href":"https:\/\/www.polygon.se\/wp-json\/wp\/v2\/comments?post=526"}],"version-history":[{"count":8,"href":"https:\/\/www.polygon.se\/wp-json\/wp\/v2\/pages\/526\/revisions"}],"predecessor-version":[{"id":17561,"href":"https:\/\/www.polygon.se\/wp-json\/wp\/v2\/pages\/526\/revisions\/17561"}],"wp:attachment":[{"href":"https:\/\/www.polygon.se\/wp-json\/wp\/v2\/media?parent=526"}],"curies":[{"name":"wp","href":"https:\/\/api.w.org\/{rel}","templated":true}]}}