{"id":548,"date":"2015-07-03T13:11:11","date_gmt":"2015-07-03T11:11:11","guid":{"rendered":"http:\/\/polygon.se\/?page_id=548"},"modified":"2017-01-17T15:49:12","modified_gmt":"2017-01-17T14:49:12","slug":"servicehandel","status":"publish","type":"page","link":"https:\/\/www.polygon.se\/nb\/losningar-referenser\/servicehandel\/","title":{"rendered":"Servicehandel"},"content":{"rendered":"<h2><\/h2>\n<p>Eksempler p\u00e5 Polygons lidenskap for \u00e5 st\u00f8tte den raskt voksende bransjen.<\/p>\n<p><img decoding=\"async\" loading=\"lazy\" class=\"alignnone size-medium wp-image-17577\" src=\"http:\/\/polygon.se\/wp-content\/uploads\/2017\/01\/Handlarn\u00d6xab\u00e4ck-400x300.jpg\" alt=\"Handlarn\u00d6xab\u00e4ck\" width=\"400\" height=\"300\" \/><\/p>\n<p>Sortiment og tjenester er skreddersydd for folk p\u00e5 farten.<\/p>\n<p><img decoding=\"async\" loading=\"lazy\" class=\"size-medium wp-image-17578\" src=\"http:\/\/polygon.se\/wp-content\/uploads\/2017\/01\/servicehandel2-400x300.jpg\" alt=\"SAMSUNG DIGITAL CAMERA\" width=\"400\" height=\"300\" srcset=\"https:\/\/www.polygon.se\/wp-content\/uploads\/2017\/01\/servicehandel2-400x300.jpg 400w, https:\/\/www.polygon.se\/wp-content\/uploads\/2017\/01\/servicehandel2-768x576.jpg 768w, https:\/\/www.polygon.se\/wp-content\/uploads\/2017\/01\/servicehandel2-970x728.jpg 970w\" sizes=\"(max-width: 400px) 100vw, 400px\" \/><\/p>\n","protected":false},"excerpt":{"rendered":"<p>Eksempler p\u00e5 Polygons lidenskap for \u00e5 st\u00f8tte den raskt voksende bransjen. Sortiment og tjenester er&nbsp;<a href=\"https:\/\/www.polygon.se\/nb\/losningar-referenser\/servicehandel\/\">&hellip; L\u00e4s mer&nbsp;&raquo;<\/a><\/p>\n","protected":false},"author":2,"featured_media":17580,"parent":534,"menu_order":0,"comment_status":"closed","ping_status":"closed","template":"","meta":[],"acf":[],"_links":{"self":[{"href":"https:\/\/www.polygon.se\/wp-json\/wp\/v2\/pages\/548"}],"collection":[{"href":"https:\/\/www.polygon.se\/wp-json\/wp\/v2\/pages"}],"about":[{"href":"https:\/\/www.polygon.se\/wp-json\/wp\/v2\/types\/page"}],"author":[{"embeddable":true,"href":"https:\/\/www.polygon.se\/wp-json\/wp\/v2\/users\/2"}],"replies":[{"embeddable":true,"href":"https:\/\/www.polygon.se\/wp-json\/wp\/v2\/comments?post=548"}],"version-history":[{"count":10,"href":"https:\/\/www.polygon.se\/wp-json\/wp\/v2\/pages\/548\/revisions"}],"predecessor-version":[{"id":17593,"href":"https:\/\/www.polygon.se\/wp-json\/wp\/v2\/pages\/548\/revisions\/17593"}],"up":[{"embeddable":true,"href":"https:\/\/www.polygon.se\/wp-json\/wp\/v2\/pages\/534"}],"wp:featuredmedia":[{"embeddable":true,"href":"https:\/\/www.polygon.se\/wp-json\/wp\/v2\/media\/17580"}],"wp:attachment":[{"href":"https:\/\/www.polygon.se\/wp-json\/wp\/v2\/media?parent=548"}],"curies":[{"name":"wp","href":"https:\/\/api.w.org\/{rel}","templated":true}]}}