{"id":551,"date":"2015-07-03T13:13:09","date_gmt":"2015-07-03T11:13:09","guid":{"rendered":"http:\/\/polygon.se\/?page_id=551"},"modified":"2016-08-08T16:48:41","modified_gmt":"2016-08-08T14:48:41","slug":"varuhusstormarknader","status":"publish","type":"page","link":"https:\/\/www.polygon.se\/nb\/losningar-referenser\/varuhusstormarknader\/","title":{"rendered":"Varehus\/supermarkeder"},"content":{"rendered":"<p>Detaljsalg med mange produkter og stadige kampanjetilbud stiller h\u00f8ye krav til kasselinje og back office-systemer. G\u00f6ks\u00e4ter p\u00e5 Orust er et slikt eksempel, og bruker PRS p\u00e5 sine 11 kasser inkludert i kafeteriaen. Som en over 100 \u00e5r gammel, tradisjonsrik landhandel, drives &#8220;G\u00f6ks\u00e4ter&#8221; n\u00e5 i fjerde generasjon med et samlet areal p\u00e5 11 000 kvadratmeter.<\/p>\n<p><a href=\"http:\/\/polygon.se\/wp-content\/uploads\/2015\/03\/historik_top.jpg\"><img decoding=\"async\" loading=\"lazy\" class=\"alignnone size-medium wp-image-94\" src=\"http:\/\/polygon.se\/wp-content\/uploads\/2015\/03\/historik_top-470x157.jpg\" alt=\"historik_top\" width=\"470\" height=\"157\" srcset=\"https:\/\/www.polygon.se\/wp-content\/uploads\/2015\/03\/historik_top-470x157.jpg 470w, https:\/\/www.polygon.se\/wp-content\/uploads\/2015\/03\/historik_top.jpg 912w\" sizes=\"(max-width: 470px) 100vw, 470px\" \/><\/a><\/p>\n<p>PRS-systemet st\u00f8tter oss i v\u00e5r daglige drift &#8220;, sier Gun-Britt Svensson, administrerende direkt\u00f8r i AB Arvid Eriksson<\/p>\n","protected":false},"excerpt":{"rendered":"<p>Detaljsalg med mange produkter og stadige kampanjetilbud stiller h\u00f8ye krav til kasselinje og back office-systemer.&nbsp;<a href=\"https:\/\/www.polygon.se\/nb\/losningar-referenser\/varuhusstormarknader\/\">&hellip; L\u00e4s mer&nbsp;&raquo;<\/a><\/p>\n","protected":false},"author":2,"featured_media":304,"parent":534,"menu_order":0,"comment_status":"closed","ping_status":"closed","template":"","meta":[],"acf":[],"_links":{"self":[{"href":"https:\/\/www.polygon.se\/wp-json\/wp\/v2\/pages\/551"}],"collection":[{"href":"https:\/\/www.polygon.se\/wp-json\/wp\/v2\/pages"}],"about":[{"href":"https:\/\/www.polygon.se\/wp-json\/wp\/v2\/types\/page"}],"author":[{"embeddable":true,"href":"https:\/\/www.polygon.se\/wp-json\/wp\/v2\/users\/2"}],"replies":[{"embeddable":true,"href":"https:\/\/www.polygon.se\/wp-json\/wp\/v2\/comments?post=551"}],"version-history":[{"count":9,"href":"https:\/\/www.polygon.se\/wp-json\/wp\/v2\/pages\/551\/revisions"}],"predecessor-version":[{"id":17549,"href":"https:\/\/www.polygon.se\/wp-json\/wp\/v2\/pages\/551\/revisions\/17549"}],"up":[{"embeddable":true,"href":"https:\/\/www.polygon.se\/wp-json\/wp\/v2\/pages\/534"}],"wp:featuredmedia":[{"embeddable":true,"href":"https:\/\/www.polygon.se\/wp-json\/wp\/v2\/media\/304"}],"wp:attachment":[{"href":"https:\/\/www.polygon.se\/wp-json\/wp\/v2\/media?parent=551"}],"curies":[{"name":"wp","href":"https:\/\/api.w.org\/{rel}","templated":true}]}}