{"id":558,"date":"2015-07-03T14:59:17","date_gmt":"2015-07-03T12:59:17","guid":{"rendered":"http:\/\/polygon.se\/?page_id=558"},"modified":"2016-11-22T16:27:00","modified_gmt":"2016-11-22T15:27:00","slug":"om-oss","status":"publish","type":"page","link":"https:\/\/www.polygon.se\/nb\/om-oss\/","title":{"rendered":"Om oss"},"content":{"rendered":"<p><span lang=\"no\">Bedriften ble grunnlagt i 1992 som en plattform for utvikling av f\u00f8rste generasjons detaljhandel- och kjedestyringssystem, spesielt utformet for sport, sko och tekstil &#8211; Skotex. Dette ble gjort i n\u00e6rt samarbeid med det norske skohandelsr\u00e5det. For att systemet skulle tilby best mulig st\u00f8tte for s\u00e5 m\u00e5nga brukere som mulig, ble bransjefokuset l\u00f8pende utviklet. Under \u00e5rens l\u00f8p har ogs\u00e5 den tekniske utviklingen muliggjort dagens moderne versjon; PRS Polygon Retail Solutions. Grunnleggerne er fortsatt aktive og\u00a0majoritetseiere\u00a0i selskapet. Siden begynnelsen av 2000-talet har selskapet ogs\u00e5 utviklet l\u00f8sninger for n\u00e6rbutikker og er n\u00e5 etablert som en aktiv partner og leverand\u00f8r til mange av de store akt\u00f8rene innen servicehandel og varehus p\u00e5 det svenske markedet. Datterselskapet Polygon Communication AS ble opprettet i 2010 og arbeider p\u00e5 det norske markedet.<\/span><\/p>\n<div class=\"tw-swapa\"><\/div>\n<div class=\"tw-swapa\"><\/div>\n<p><span lang=\"no\">Polygons kjernekompetanse er den unike bransjekunnskapen, kombinert<\/span><span lang=\"no\">\u00a0med et m\u00e5l om alltid \u00e5 finne de beste IT-tekniske l\u00f8sningene for detaljhandelskundene.<\/span><\/p>\n<h3>Polygon Sverige<\/h3>\n<p><strong>Polygon Communications AB<\/strong> M\u00e5ttbandsv\u00e4gen 12 18766 T\u00e4by Sverige Telefon: +46 (0)8 851913 Mail: info@polygon.se Organisationsnummer; 556425-3002 Bankgiro; 5397-7880<\/p>\n<h4>Organisasjon<\/h4>\n<p>Ledelse; G\u00f6ran Jansbo Marked\/utsalg; Johan Str\u00f6mdahl Utvikling; Kenneth Olausson<\/p>\n<h4>Teknisk Support<\/h4>\n<p>Ronny Edstrand, Jan Friedel Epost: support@polygon.se<\/p>\n<h4>Mail till spesifikk person<\/h4>\n<p>Fornavn.etternavn@polygon.se<\/p>\n<h3>Polygon Norge<\/h3>\n<p>Polygon Communication AS Brenneriveien 11 0182 Oslo Norge Ledelse; Kenneth Olausson Telefon; +47 41223320<\/p>\n","protected":false},"excerpt":{"rendered":"<p>Bedriften ble grunnlagt i 1992 som en plattform for utvikling av f\u00f8rste generasjons detaljhandel- och&nbsp;<a href=\"https:\/\/www.polygon.se\/nb\/om-oss\/\">&hellip; L\u00e4s mer&nbsp;&raquo;<\/a><\/p>\n","protected":false},"author":2,"featured_media":0,"parent":0,"menu_order":0,"comment_status":"closed","ping_status":"closed","template":"","meta":[],"acf":[],"_links":{"self":[{"href":"https:\/\/www.polygon.se\/wp-json\/wp\/v2\/pages\/558"}],"collection":[{"href":"https:\/\/www.polygon.se\/wp-json\/wp\/v2\/pages"}],"about":[{"href":"https:\/\/www.polygon.se\/wp-json\/wp\/v2\/types\/page"}],"author":[{"embeddable":true,"href":"https:\/\/www.polygon.se\/wp-json\/wp\/v2\/users\/2"}],"replies":[{"embeddable":true,"href":"https:\/\/www.polygon.se\/wp-json\/wp\/v2\/comments?post=558"}],"version-history":[{"count":7,"href":"https:\/\/www.polygon.se\/wp-json\/wp\/v2\/pages\/558\/revisions"}],"predecessor-version":[{"id":17563,"href":"https:\/\/www.polygon.se\/wp-json\/wp\/v2\/pages\/558\/revisions\/17563"}],"wp:attachment":[{"href":"https:\/\/www.polygon.se\/wp-json\/wp\/v2\/media?parent=558"}],"curies":[{"name":"wp","href":"https:\/\/api.w.org\/{rel}","templated":true}]}}