{"id":562,"date":"2015-07-03T15:03:03","date_gmt":"2015-07-03T13:03:03","guid":{"rendered":"http:\/\/polygon.se\/?page_id=562"},"modified":"2022-07-12T10:10:48","modified_gmt":"2022-07-12T08:10:48","slug":"support","status":"publish","type":"page","link":"https:\/\/www.polygon.se\/nb\/support\/","title":{"rendered":"Support"},"content":{"rendered":"<h3>\u00c5pningstider<\/h3>\n<p><span class=\"hps\">Support<\/span> <span class=\"hps\">avdeling<\/span> <span class=\"hps\">er<\/span> <span class=\"hps\">\u00e5pen for samtaler<\/span>:<\/p>\n<p><span class=\"hps\">Hverdager<\/span> <span class=\"hps\">08:00 til 17:00<\/span><\/p>\n<p><span class=\"hps\">For<\/span> <span class=\"hps\">st\u00f8tte<\/span>\u00a0via\u00a0<span class=\"hps\">telefon<\/span>\u00a0ring 23654346<\/p>\n<h4>Teamviewer remote support<\/h4>\n<p>Mac <a href=\"https:\/\/download.teamviewer.com\/download\/TeamViewerQS.dmg\"><u><span style=\"color: #0066cc;\">TeamViewerQS.dmg<\/span><\/u><\/a><\/p>\n<p>PC <a href=\"https:\/\/download.teamviewer.com\/download\/TeamViewerQS.exe\"><u><span style=\"color: #0066cc;\">TeamViewerQS.exe<\/span><\/u><\/a><\/p>\n<h4>E-post<\/h4>\n<p><span class=\"hps\">Du er<\/span> <span class=\"hps\">alltid velkommen til \u00e5<\/span> <span class=\"hps\">sende oss<\/span> <span class=\"hps\">dine<\/span> <span class=\"hps\">sp\u00f8rsm\u00e5l via<\/span> <span class=\"hps\">e<\/span><span class=\"atn\">&#8211;<\/span>post <span class=\"hps\">support@polygon.se<\/span><\/p>\n<p><span class=\"hps\">Saker<\/span> <span class=\"hps\">behandles<\/span>\u00a0<span class=\"hps\">hverdager<\/span> <span class=\"hps\">i innsendt<\/span>\u00a0<span class=\"hps\">rekkef\u00f8lge.<\/span><\/p>\n<h3><\/h3>\n<p><a href=\"http:\/\/polygon.se\/wp-content\/uploads\/2015\/03\/ND-Finsp\u00e5ng21.jpg\"><img decoding=\"async\" loading=\"lazy\" class=\"alignnone size-medium wp-image-345\" src=\"http:\/\/polygon.se\/wp-content\/uploads\/2015\/03\/ND-Finsp\u00e5ng21-370x300.jpg\" alt=\"ND Finsp\u00e5ng2\" width=\"370\" height=\"300\" srcset=\"https:\/\/www.polygon.se\/wp-content\/uploads\/2015\/03\/ND-Finsp\u00e5ng21-370x300.jpg 370w, https:\/\/www.polygon.se\/wp-content\/uploads\/2015\/03\/ND-Finsp\u00e5ng21-970x786.jpg 970w, https:\/\/www.polygon.se\/wp-content\/uploads\/2015\/03\/ND-Finsp\u00e5ng21.jpg 1536w\" sizes=\"(max-width: 370px) 100vw, 370px\" \/><\/a><\/p>\n","protected":false},"excerpt":{"rendered":"<p>\u00c5pningstider Support avdeling er \u00e5pen for samtaler: Hverdager 08:00 til 17:00 For st\u00f8tte\u00a0via\u00a0telefon\u00a0ring 23654346 Teamviewer&nbsp;<a href=\"https:\/\/www.polygon.se\/nb\/support\/\">&hellip; L\u00e4s mer&nbsp;&raquo;<\/a><\/p>\n","protected":false},"author":2,"featured_media":0,"parent":0,"menu_order":0,"comment_status":"open","ping_status":"open","template":"","meta":[],"acf":[],"_links":{"self":[{"href":"https:\/\/www.polygon.se\/wp-json\/wp\/v2\/pages\/562"}],"collection":[{"href":"https:\/\/www.polygon.se\/wp-json\/wp\/v2\/pages"}],"about":[{"href":"https:\/\/www.polygon.se\/wp-json\/wp\/v2\/types\/page"}],"author":[{"embeddable":true,"href":"https:\/\/www.polygon.se\/wp-json\/wp\/v2\/users\/2"}],"replies":[{"embeddable":true,"href":"https:\/\/www.polygon.se\/wp-json\/wp\/v2\/comments?post=562"}],"version-history":[{"count":8,"href":"https:\/\/www.polygon.se\/wp-json\/wp\/v2\/pages\/562\/revisions"}],"predecessor-version":[{"id":18432,"href":"https:\/\/www.polygon.se\/wp-json\/wp\/v2\/pages\/562\/revisions\/18432"}],"wp:attachment":[{"href":"https:\/\/www.polygon.se\/wp-json\/wp\/v2\/media?parent=562"}],"curies":[{"name":"wp","href":"https:\/\/api.w.org\/{rel}","templated":true}]}}